{"id":1066,"date":"2022-06-11T08:54:04","date_gmt":"2021-03-09T09:03:37","guid":{"rendered":"https:\/\/kaplanltd.com.tr\/?page_id=1066"},"modified":"2022-06-14T14:09:02","modified_gmt":"2022-06-14T11:09:02","slug":"about-us","status":"publish","type":"page","link":"https:\/\/kaplanltd.com.tr\/?page_id=1066","title":{"rendered":"Hakk\u0131m\u0131zda\/About Us"},"content":{"rendered":"\n<p>1995 y\u0131l\u0131nda tar\u0131m, g\u0131da ve hayvanc\u0131l\u0131k sekt\u00f6r\u00fcne ba\u015flayan G\u00f6khan Kaplan, sekt\u00f6re uzmanl\u0131\u011f\u0131n\u0131 katarak, k\u0131sa bir s\u00fcrede alan\u0131nda \u00f6nc\u00fc bir marka yaratmay\u0131 ba\u015fard\u0131. Bug\u00fcn KAPLAN \u0130\u00c7 VE DI\u015e T\u0130CARET olarak faaliyetlerini s\u00fcrd\u00fcren firma, T\u00fcrkiye\u2019nin son y\u0131llarda artan tar\u0131m, g\u0131da ve hayvanc\u0131l\u0131k faaliyetlerini d\u00fcnya standartlar\u0131nda yapmas\u0131na \u00f6nc\u00fcl\u00fck etmektedir. Arz ve talep dengelerinin en iyi \u015fekilde y\u00fcr\u00fcten KAPLAN \u0130\u00c7 VE DI\u015e T\u0130CARET m\u00fc\u015fteri memnuniyetini \u00f6n planda tutmaktad\u0131r.Tecr\u00fcbeli ve konusunda uzman kadrosu ile uzun y\u0131llar piyasan\u0131n ihtiya\u00e7lar\u0131n\u0131 en iyi \u015fekilde kar\u015f\u0131lamaya devam edecektir.<\/p>\n\n\n\n<p><\/p>\n","protected":false},"excerpt":{"rendered":"<p>1995 y\u0131l\u0131nda tar\u0131m, g\u0131da ve hayvanc\u0131l\u0131k sekt\u00f6r\u00fcne ba\u015flayan G\u00f6khan Kaplan, sekt\u00f6re uzmanl\u0131\u011f\u0131n\u0131 katarak, k\u0131sa bir s\u00fcrede alan\u0131nda \u00f6nc\u00fc bir marka yaratmay\u0131 ba\u015fard\u0131. Bug\u00fcn KAPLAN \u0130\u00c7 VE DI\u015e T\u0130CARET olarak faaliyetlerini s\u00fcrd\u00fcren firma, T\u00fcrkiye\u2019nin son y\u0131llarda artan tar\u0131m, g\u0131da ve hayvanc\u0131l\u0131k faaliyetlerini d\u00fcnya standartlar\u0131nda yapmas\u0131na \u00f6nc\u00fcl\u00fck etmektedir. Arz ve talep dengelerinin en iyi \u015fekilde y\u00fcr\u00fcten KAPLAN <\/p>\n","protected":false},"author":1,"featured_media":0,"parent":0,"menu_order":0,"comment_status":"closed","ping_status":"closed","template":"","meta":{"_monsterinsights_skip_tracking":false,"_monsterinsights_sitenote_active":false,"_monsterinsights_sitenote_note":"","_monsterinsights_sitenote_category":0,"footnotes":""},"class_list":["post-1066","page","type-page","status-publish","hentry"],"_links":{"self":[{"href":"https:\/\/kaplanltd.com.tr\/index.php?rest_route=\/wp\/v2\/pages\/1066","targetHints":{"allow":["GET"]}}],"collection":[{"href":"https:\/\/kaplanltd.com.tr\/index.php?rest_route=\/wp\/v2\/pages"}],"about":[{"href":"https:\/\/kaplanltd.com.tr\/index.php?rest_route=\/wp\/v2\/types\/page"}],"author":[{"embeddable":true,"href":"https:\/\/kaplanltd.com.tr\/index.php?rest_route=\/wp\/v2\/users\/1"}],"replies":[{"embeddable":true,"href":"https:\/\/kaplanltd.com.tr\/index.php?rest_route=%2Fwp%2Fv2%2Fcomments&post=1066"}],"version-history":[{"count":4,"href":"https:\/\/kaplanltd.com.tr\/index.php?rest_route=\/wp\/v2\/pages\/1066\/revisions"}],"predecessor-version":[{"id":2828,"href":"https:\/\/kaplanltd.com.tr\/index.php?rest_route=\/wp\/v2\/pages\/1066\/revisions\/2828"}],"wp:attachment":[{"href":"https:\/\/kaplanltd.com.tr\/index.php?rest_route=%2Fwp%2Fv2%2Fmedia&parent=1066"}],"curies":[{"name":"wp","href":"https:\/\/api.w.org\/{rel}","templated":true}]}}