{"id":292,"date":"2019-10-06T18:34:13","date_gmt":"2019-10-06T18:34:13","guid":{"rendered":"https:\/\/irtech.biz\/wp\/appside\/?page_id=292"},"modified":"2022-06-14T13:38:53","modified_gmt":"2022-06-14T10:38:53","slug":"home-three","status":"publish","type":"page","link":"https:\/\/kaplanltd.com.tr\/","title":{"rendered":"Kaplan Ltd"},"content":{"rendered":"\t\t<div data-elementor-type=\"wp-page\" data-elementor-id=\"292\" class=\"elementor elementor-292\">\n\t\t\t\t\t\t\t\t\t<div class=\"elementor-section elementor-top-section elementor-element elementor-element-98e93fc elementor-section-stretched elementor-section-boxed elementor-section-height-default elementor-section-height-default\" data-id=\"98e93fc\" data-element_type=\"section\" data-settings=\"{&quot;stretch_section&quot;:&quot;section-stretched&quot;,&quot;background_background&quot;:&quot;slideshow&quot;,&quot;background_slideshow_gallery&quot;:[{&quot;id&quot;:2662,&quot;url&quot;:&quot;https:\\\/\\\/kaplanltd.com.tr\\\/wp-content\\\/uploads\\\/2022\\\/06\\\/LOW_News3.jpg&quot;},{&quot;id&quot;:2663,&quot;url&quot;:&quot;https:\\\/\\\/kaplanltd.com.tr\\\/wp-content\\\/uploads\\\/2022\\\/06\\\/Green_Corn_field_1200x628.jpg&quot;},{&quot;id&quot;:2665,&quot;url&quot;:&quot;https:\\\/\\\/kaplanltd.com.tr\\\/wp-content\\\/uploads\\\/2022\\\/06\\\/screen-3.jpg&quot;},{&quot;id&quot;:2666,&quot;url&quot;:&quot;https:\\\/\\\/kaplanltd.com.tr\\\/wp-content\\\/uploads\\\/2022\\\/06\\\/4da014079b51d0ab4a997922ed7617d3b21c35ab.jpg&quot;}],&quot;background_slideshow_slide_transition&quot;:&quot;slide_left&quot;,&quot;background_slideshow_lazyload&quot;:&quot;yes&quot;,&quot;background_slideshow_ken_burns&quot;:&quot;yes&quot;,&quot;background_slideshow_loop&quot;:&quot;yes&quot;,&quot;background_slideshow_slide_duration&quot;:5000,&quot;background_slideshow_transition_duration&quot;:500,&quot;background_slideshow_ken_burns_zoom_direction&quot;:&quot;in&quot;}\">\n\t\t\t\t\t\t\t<div class=\"elementor-background-overlay\"><\/div>\n\t\t\t\t\t\t\t<div class=\"elementor-container elementor-column-gap-default\">\n\t\t\t\t\t<div class=\"elementor-column elementor-col-50 elementor-top-column elementor-element elementor-element-4886796\" data-id=\"4886796\" data-element_type=\"column\" data-settings=\"{&quot;appside_sec_extends_is_scrollme&quot;:&quot;false&quot;,&quot;appside_sec_extends_is_smoove&quot;:&quot;false&quot;,&quot;appside_sec_extends_is_parallax_mouse&quot;:&quot;false&quot;,&quot;appside_sec_extends_is_infinite&quot;:&quot;false&quot;}\">\n\t\t\t<div class=\"elementor-widget-wrap elementor-element-populated\">\n\t\t\t\t\t\t\t\t<div class=\"elementor-element elementor-element-ca59a8f elementor-widget elementor-widget-heading\" data-id=\"ca59a8f\" data-element_type=\"widget\" data-settings=\"{&quot;appside_sec_extends_is_scrollme&quot;:&quot;false&quot;,&quot;appside_sec_extends_is_smoove&quot;:&quot;false&quot;,&quot;appside_sec_extends_is_parallax_mouse&quot;:&quot;false&quot;,&quot;appside_sec_extends_is_infinite&quot;:&quot;false&quot;}\" data-widget_type=\"heading.default\">\n\t\t\t\t<div class=\"elementor-widget-container\">\n\t\t\t<style>\/*! elementor - v3.6.6 - 08-06-2022 *\/\n.elementor-heading-title{padding:0;margin:0;line-height:1}.elementor-widget-heading .elementor-heading-title[class*=elementor-size-]>a{color:inherit;font-size:inherit;line-height:inherit}.elementor-widget-heading .elementor-heading-title.elementor-size-small{font-size:15px}.elementor-widget-heading .elementor-heading-title.elementor-size-medium{font-size:19px}.elementor-widget-heading .elementor-heading-title.elementor-size-large{font-size:29px}.elementor-widget-heading .elementor-heading-title.elementor-size-xl{font-size:39px}.elementor-widget-heading .elementor-heading-title.elementor-size-xxl{font-size:59px}<\/style><h2 class=\"elementor-heading-title elementor-size-default\">Tar\u0131msal \u00dcr\u00fcnlerde G\u00fcvenilir Markay\u0131z<\/h2>\t\t<\/div>\n\t\t\t\t<\/div>\n\t\t\t\t<div class=\"elementor-element elementor-element-0c83274 elementor-widget elementor-widget-heading\" data-id=\"0c83274\" data-element_type=\"widget\" data-settings=\"{&quot;appside_sec_extends_is_scrollme&quot;:&quot;false&quot;,&quot;appside_sec_extends_is_smoove&quot;:&quot;false&quot;,&quot;appside_sec_extends_is_parallax_mouse&quot;:&quot;false&quot;,&quot;appside_sec_extends_is_infinite&quot;:&quot;false&quot;}\" data-widget_type=\"heading.default\">\n\t\t\t\t<div class=\"elementor-widget-container\">\n\t\t\t<p class=\"elementor-heading-title elementor-size-default\">Firmam\u0131z tah\u0131l \u00fcr\u00fcnlerinin ve g\u0131da hammaddelerinin ithalat ve ihracat\u0131n\u0131 yapmaktad\u0131r. M\u00fc\u015fterilerimizin taleplerini en kaliteli \u015fekilde kar\u015f\u0131lamaktay\u0131z.<\/p>\t\t<\/div>\n\t\t\t\t<\/div>\n\t\t\t\t<div class=\"elementor-element elementor-element-5ee50d5 elementor-widget elementor-widget-appside-button-group-one-widget\" data-id=\"5ee50d5\" data-element_type=\"widget\" data-settings=\"{&quot;appside_sec_extends_is_scrollme&quot;:&quot;false&quot;,&quot;appside_sec_extends_is_smoove&quot;:&quot;false&quot;,&quot;appside_sec_extends_is_parallax_mouse&quot;:&quot;false&quot;,&quot;appside_sec_extends_is_infinite&quot;:&quot;false&quot;}\" data-widget_type=\"appside-button-group-one-widget.default\">\n\t\t\t\t<div class=\"elementor-widget-container\">\n\t\t\t        <div class=\"btn-wrapper appside-button-group\">\n\t\t\t\n\t\t\t\t                <a class=\"boxed_img_btn\" href=\"#\"   >\n                    <img decoding=\"async\" src=\"\" alt=\"\">\n                <\/a>\n\t\t\t\n\t\t\t\n\t\t\t\t                <a class=\"boxed_img_btn\" href=\"#\"   >\n                    <img decoding=\"async\" src=\"\" alt=\"\">\n                <\/a>\n\t\t\t\n\t\t\t        <\/div>\n\t\t\t\t<\/div>\n\t\t\t\t<\/div>\n\t\t\t\t<div class=\"elementor-section elementor-inner-section elementor-element elementor-element-32382e5 elementor-section-boxed elementor-section-height-default elementor-section-height-default\" data-id=\"32382e5\" data-element_type=\"section\">\n\t\t\t\t\t\t<div class=\"elementor-container elementor-column-gap-no\">\n\t\t\t\t\t<div class=\"elementor-column elementor-col-100 elementor-inner-column elementor-element elementor-element-6ee7233\" data-id=\"6ee7233\" data-element_type=\"column\" data-settings=\"{&quot;appside_sec_extends_is_scrollme&quot;:&quot;false&quot;,&quot;appside_sec_extends_is_smoove&quot;:&quot;false&quot;,&quot;appside_sec_extends_is_parallax_mouse&quot;:&quot;false&quot;,&quot;appside_sec_extends_is_infinite&quot;:&quot;false&quot;}\">\n\t\t\t<div class=\"elementor-widget-wrap elementor-element-populated\">\n\t\t\t\t\t\t\t\t<div class=\"elementor-element elementor-element-e8aedf8 elementor-widget elementor-widget-appside-button-group-one-widget\" data-id=\"e8aedf8\" data-element_type=\"widget\" data-settings=\"{&quot;appside_sec_extends_is_scrollme&quot;:&quot;false&quot;,&quot;appside_sec_extends_is_smoove&quot;:&quot;false&quot;,&quot;appside_sec_extends_is_parallax_mouse&quot;:&quot;false&quot;,&quot;appside_sec_extends_is_infinite&quot;:&quot;false&quot;}\" data-widget_type=\"appside-button-group-one-widget.default\">\n\t\t\t\t<div class=\"elementor-widget-container\">\n\t\t\t        <div class=\"btn-wrapper appside-button-group\">\n\t\t\t\n\t\t\t\t                <a class=\"boxed_img_btn\" href=\"#\"   >\n                    <img decoding=\"async\" src=\"\" alt=\"\">\n                <\/a>\n\t\t\t\n\t\t\t\n\t\t\t\t                <a class=\"boxed_img_btn\" href=\"#\"   >\n                    <img decoding=\"async\" src=\"\" alt=\"\">\n                <\/a>\n\t\t\t\n\t\t\t        <\/div>\n\t\t\t\t<\/div>\n\t\t\t\t<\/div>\n\t\t\t\t\t<\/div>\n\t\t<\/div>\n\t\t\t\t\t\t\t<\/div>\n\t\t<\/div>\n\t\t\t\t\t<\/div>\n\t\t<\/div>\n\t\t\t\t<div class=\"elementor-column elementor-col-50 elementor-top-column elementor-element elementor-element-d380ea0\" data-id=\"d380ea0\" data-element_type=\"column\" data-settings=\"{&quot;appside_sec_extends_is_scrollme&quot;:&quot;false&quot;,&quot;appside_sec_extends_is_smoove&quot;:&quot;false&quot;,&quot;appside_sec_extends_is_parallax_mouse&quot;:&quot;false&quot;,&quot;appside_sec_extends_is_infinite&quot;:&quot;false&quot;}\">\n\t\t\t<div class=\"elementor-widget-wrap elementor-element-populated\">\n\t\t\t\t\t\t\t\t<div class=\"elementor-element elementor-element-c5d3231 elementor-widget elementor-widget-image\" data-id=\"c5d3231\" data-element_type=\"widget\" data-settings=\"{&quot;appside_sec_extends_is_scrollme&quot;:&quot;false&quot;,&quot;appside_sec_extends_is_smoove&quot;:&quot;false&quot;,&quot;appside_sec_extends_is_parallax_mouse&quot;:&quot;false&quot;,&quot;appside_sec_extends_is_infinite&quot;:&quot;false&quot;}\" data-widget_type=\"image.default\">\n\t\t\t\t<div class=\"elementor-widget-container\">\n\t\t\t<style>\/*! elementor - v3.6.6 - 08-06-2022 *\/\n.elementor-widget-image{text-align:center}.elementor-widget-image a{display:inline-block}.elementor-widget-image a img[src$=\".svg\"]{width:48px}.elementor-widget-image img{vertical-align:middle;display:inline-block}<\/style>\t\t\t\t\t\t\t\t\t\t\t\t<img loading=\"lazy\" decoding=\"async\" width=\"1000\" height=\"917\" src=\"https:\/\/kaplanltd.com.tr\/wp-content\/uploads\/2022\/06\/5a34c0e8a6d790.0206436315134066966834.png\" class=\"attachment-full size-full\" alt=\"\" srcset=\"https:\/\/kaplanltd.com.tr\/wp-content\/uploads\/2022\/06\/5a34c0e8a6d790.0206436315134066966834.png 1000w, https:\/\/kaplanltd.com.tr\/wp-content\/uploads\/2022\/06\/5a34c0e8a6d790.0206436315134066966834-600x550.png 600w, https:\/\/kaplanltd.com.tr\/wp-content\/uploads\/2022\/06\/5a34c0e8a6d790.0206436315134066966834-300x275.png 300w, https:\/\/kaplanltd.com.tr\/wp-content\/uploads\/2022\/06\/5a34c0e8a6d790.0206436315134066966834-768x704.png 768w, https:\/\/kaplanltd.com.tr\/wp-content\/uploads\/2022\/06\/5a34c0e8a6d790.0206436315134066966834-750x688.png 750w\" sizes=\"auto, (max-width: 1000px) 100vw, 1000px\" \/>\t\t\t\t\t\t\t\t\t\t\t\t\t\t\t<\/div>\n\t\t\t\t<\/div>\n\t\t\t\t\t<\/div>\n\t\t<\/div>\n\t\t\t\t\t\t\t<\/div>\n\t\t<\/div>\n\t\t\t\t<section class=\"elementor-section elementor-top-section elementor-element elementor-element-0187da0 elementor-section-boxed elementor-section-height-default elementor-section-height-default\" data-id=\"0187da0\" data-element_type=\"section\">\n\t\t\t\t\t\t<div class=\"elementor-container elementor-column-gap-default\">\n\t\t\t\t\t<div class=\"elementor-column elementor-col-50 elementor-top-column elementor-element elementor-element-a322dbf\" data-id=\"a322dbf\" data-element_type=\"column\" data-settings=\"{&quot;appside_sec_extends_is_scrollme&quot;:&quot;false&quot;,&quot;appside_sec_extends_is_smoove&quot;:&quot;false&quot;,&quot;appside_sec_extends_is_parallax_mouse&quot;:&quot;false&quot;,&quot;appside_sec_extends_is_infinite&quot;:&quot;false&quot;}\">\n\t\t\t<div class=\"elementor-widget-wrap elementor-element-populated\">\n\t\t\t\t\t\t\t\t<div class=\"elementor-element elementor-element-7db9b64 elementor-widget elementor-widget-heading\" data-id=\"7db9b64\" data-element_type=\"widget\" data-settings=\"{&quot;appside_sec_extends_is_scrollme&quot;:&quot;false&quot;,&quot;appside_sec_extends_is_smoove&quot;:&quot;false&quot;,&quot;appside_sec_extends_is_parallax_mouse&quot;:&quot;false&quot;,&quot;appside_sec_extends_is_infinite&quot;:&quot;false&quot;}\" data-widget_type=\"heading.default\">\n\t\t\t\t<div class=\"elementor-widget-container\">\n\t\t\t<h2 class=\"elementor-heading-title elementor-size-default\">G\u0131da Hammaddeleri<\/h2>\t\t<\/div>\n\t\t\t\t<\/div>\n\t\t\t\t<div class=\"elementor-element elementor-element-5c5c811 elementor-widget elementor-widget-image\" data-id=\"5c5c811\" data-element_type=\"widget\" data-settings=\"{&quot;appside_sec_extends_is_scrollme&quot;:&quot;false&quot;,&quot;appside_sec_extends_is_smoove&quot;:&quot;false&quot;,&quot;appside_sec_extends_is_parallax_mouse&quot;:&quot;false&quot;,&quot;appside_sec_extends_is_infinite&quot;:&quot;false&quot;}\" data-widget_type=\"image.default\">\n\t\t\t\t<div class=\"elementor-widget-container\">\n\t\t\t\t\t\t\t\t\t\t\t\t\t\t\t<img loading=\"lazy\" decoding=\"async\" width=\"740\" height=\"497\" src=\"https:\/\/kaplanltd.com.tr\/wp-content\/uploads\/2022\/06\/vippng.com-ingredients-png-4979449-1024x688.png\" class=\"attachment-large size-large\" alt=\"\" srcset=\"https:\/\/kaplanltd.com.tr\/wp-content\/uploads\/2022\/06\/vippng.com-ingredients-png-4979449-1024x688.png 1024w, https:\/\/kaplanltd.com.tr\/wp-content\/uploads\/2022\/06\/vippng.com-ingredients-png-4979449-600x403.png 600w, https:\/\/kaplanltd.com.tr\/wp-content\/uploads\/2022\/06\/vippng.com-ingredients-png-4979449-300x201.png 300w, https:\/\/kaplanltd.com.tr\/wp-content\/uploads\/2022\/06\/vippng.com-ingredients-png-4979449-768x516.png 768w, https:\/\/kaplanltd.com.tr\/wp-content\/uploads\/2022\/06\/vippng.com-ingredients-png-4979449-750x504.png 750w, https:\/\/kaplanltd.com.tr\/wp-content\/uploads\/2022\/06\/vippng.com-ingredients-png-4979449.png 1206w\" sizes=\"auto, (max-width: 740px) 100vw, 740px\" \/>\t\t\t\t\t\t\t\t\t\t\t\t\t\t\t<\/div>\n\t\t\t\t<\/div>\n\t\t\t\t\t<\/div>\n\t\t<\/div>\n\t\t\t\t<div class=\"elementor-column elementor-col-50 elementor-top-column elementor-element elementor-element-9aad2a7\" data-id=\"9aad2a7\" data-element_type=\"column\" data-settings=\"{&quot;appside_sec_extends_is_scrollme&quot;:&quot;false&quot;,&quot;appside_sec_extends_is_smoove&quot;:&quot;false&quot;,&quot;appside_sec_extends_is_parallax_mouse&quot;:&quot;false&quot;,&quot;appside_sec_extends_is_infinite&quot;:&quot;false&quot;}\">\n\t\t\t<div class=\"elementor-widget-wrap elementor-element-populated\">\n\t\t\t\t\t\t\t\t<div class=\"elementor-element elementor-element-2205748 elementor-widget elementor-widget-heading\" data-id=\"2205748\" data-element_type=\"widget\" data-settings=\"{&quot;appside_sec_extends_is_scrollme&quot;:&quot;false&quot;,&quot;appside_sec_extends_is_smoove&quot;:&quot;false&quot;,&quot;appside_sec_extends_is_parallax_mouse&quot;:&quot;false&quot;,&quot;appside_sec_extends_is_infinite&quot;:&quot;false&quot;}\" data-widget_type=\"heading.default\">\n\t\t\t\t<div class=\"elementor-widget-container\">\n\t\t\t<h2 class=\"elementor-heading-title elementor-size-default\">Tah\u0131l \u00dcr\u00fcnleri<\/h2>\t\t<\/div>\n\t\t\t\t<\/div>\n\t\t\t\t<div class=\"elementor-element elementor-element-b35189c elementor-widget elementor-widget-image\" data-id=\"b35189c\" data-element_type=\"widget\" data-settings=\"{&quot;appside_sec_extends_is_scrollme&quot;:&quot;false&quot;,&quot;appside_sec_extends_is_smoove&quot;:&quot;false&quot;,&quot;appside_sec_extends_is_parallax_mouse&quot;:&quot;false&quot;,&quot;appside_sec_extends_is_infinite&quot;:&quot;false&quot;}\" data-widget_type=\"image.default\">\n\t\t\t\t<div class=\"elementor-widget-container\">\n\t\t\t\t\t\t\t\t\t\t\t\t\t\t\t<img loading=\"lazy\" decoding=\"async\" width=\"740\" height=\"493\" src=\"https:\/\/kaplanltd.com.tr\/wp-content\/uploads\/2022\/06\/Commodity-PNG-File.png\" class=\"attachment-large size-large\" alt=\"\" srcset=\"https:\/\/kaplanltd.com.tr\/wp-content\/uploads\/2022\/06\/Commodity-PNG-File.png 1000w, https:\/\/kaplanltd.com.tr\/wp-content\/uploads\/2022\/06\/Commodity-PNG-File-600x400.png 600w, https:\/\/kaplanltd.com.tr\/wp-content\/uploads\/2022\/06\/Commodity-PNG-File-300x200.png 300w, https:\/\/kaplanltd.com.tr\/wp-content\/uploads\/2022\/06\/Commodity-PNG-File-768x511.png 768w, https:\/\/kaplanltd.com.tr\/wp-content\/uploads\/2022\/06\/Commodity-PNG-File-750x500.png 750w\" sizes=\"auto, (max-width: 740px) 100vw, 740px\" \/>\t\t\t\t\t\t\t\t\t\t\t\t\t\t\t<\/div>\n\t\t\t\t<\/div>\n\t\t\t\t\t<\/div>\n\t\t<\/div>\n\t\t\t\t\t\t\t<\/div>\n\t\t<\/section>\n\t\t\t\t\t\t\t<\/div>\n\t\t","protected":false},"excerpt":{"rendered":"<p>Tar\u0131msal \u00dcr\u00fcnlerde G\u00fcvenilir Markay\u0131z Firmam\u0131z tah\u0131l \u00fcr\u00fcnlerinin ve g\u0131da hammaddelerinin ithalat ve ihracat\u0131n\u0131 yapmaktad\u0131r. M\u00fc\u015fterilerimizin taleplerini en kaliteli \u015fekilde kar\u015f\u0131lamaktay\u0131z. G\u0131da Hammaddeleri Tah\u0131l \u00dcr\u00fcnleri<\/p>\n","protected":false},"author":1,"featured_media":0,"parent":0,"menu_order":0,"comment_status":"closed","ping_status":"closed","template":"","meta":{"_monsterinsights_skip_tracking":false,"_monsterinsights_sitenote_active":false,"_monsterinsights_sitenote_note":"","_monsterinsights_sitenote_category":0,"footnotes":""},"class_list":["post-292","page","type-page","status-publish","hentry"],"_links":{"self":[{"href":"https:\/\/kaplanltd.com.tr\/index.php?rest_route=\/wp\/v2\/pages\/292","targetHints":{"allow":["GET"]}}],"collection":[{"href":"https:\/\/kaplanltd.com.tr\/index.php?rest_route=\/wp\/v2\/pages"}],"about":[{"href":"https:\/\/kaplanltd.com.tr\/index.php?rest_route=\/wp\/v2\/types\/page"}],"author":[{"embeddable":true,"href":"https:\/\/kaplanltd.com.tr\/index.php?rest_route=\/wp\/v2\/users\/1"}],"replies":[{"embeddable":true,"href":"https:\/\/kaplanltd.com.tr\/index.php?rest_route=%2Fwp%2Fv2%2Fcomments&post=292"}],"version-history":[{"count":61,"href":"https:\/\/kaplanltd.com.tr\/index.php?rest_route=\/wp\/v2\/pages\/292\/revisions"}],"predecessor-version":[{"id":2827,"href":"https:\/\/kaplanltd.com.tr\/index.php?rest_route=\/wp\/v2\/pages\/292\/revisions\/2827"}],"wp:attachment":[{"href":"https:\/\/kaplanltd.com.tr\/index.php?rest_route=%2Fwp%2Fv2%2Fmedia&parent=292"}],"curies":[{"name":"wp","href":"https:\/\/api.w.org\/{rel}","templated":true}]}}